{"id":30,"date":"2020-06-06T23:24:02","date_gmt":"2020-06-06T21:24:02","guid":{"rendered":"https:\/\/www.sweetmemory-potsdam.de\/wp\/?page_id=30"},"modified":"2026-01-15T18:03:23","modified_gmt":"2026-01-15T17:03:23","slug":"startseite","status":"publish","type":"page","link":"https:\/\/www.sweetmemory-potsdam.de\/wp\/","title":{"rendered":"Startseite"},"content":{"rendered":"\n<p>Herzlich Willkommen auf unserer Webseite der Sweet Memory Cheerleader e.V..<\/p>\n\n\n\n<p>Der SWEET MEMORY CHEERLEADER e.V. wurde 1996 aus dem Fu\u00dfballverein SV Babelsberg 03 gegr\u00fcndet. <br>Wir sind ein traditioneller Verein im <a href=\"https:\/\/www.sweetmemory-potsdam.de\/wp\/?p=554\" target=\"_blank\" rel=\"noreferrer noopener\">Cheersport<\/a>, der auf 25 erfolgreiche Jahre zur\u00fcckschaut. <br>Eine Cheerleader-Saison ist an Meisterschaften ausgerichtet und beginnt im Juli eines Jahres und endet im Juni des folge Jahres. Unsere Teams werden in verschiedenen Phasen der Saison in Trainingseinheiten so auf den Wettkampf vorbereitet, dass grunds\u00e4tzlich eine Platzierung unter den Top-Ten m\u00f6glich ist. Dazu geh\u00f6ren Grundlagentraining sowie leistungsorientierte Trainingseinheiten (Level). <br>Regelm\u00e4\u00dfige Trainingslager runden das ONE Team, ONE Familie Motto ab.<\/p>\n\n\n\n<p>Wir f\u00f6rdern die ganzheitliche Entwicklung unserer Cheerleader, achten auf  deren Pers\u00f6nlichkeitsrechte und stehen f\u00fcr den respektvollen Umgang miteinander ein.<br>Wir trainieren in der <strong>Historischen Sporthalle der Kurf\u00fcrstenstra\u00dfe 49<\/strong> in Potsdam.<\/p>\n","protected":false},"excerpt":{"rendered":"<p>Herzlich Willkommen auf unserer Webseite der Sweet Memory Cheerleader e.V.. Der SWEET MEMORY CHEERLEADER e.V. wurde 1996 aus dem Fu\u00dfballverein SV Babelsberg 03 gegr\u00fcndet. Wir sind ein traditioneller Verein im Cheersport, der auf 25 erfolgreiche Jahre zur\u00fcckschaut. Eine Cheerleader-Saison ist an Meisterschaften ausgerichtet und beginnt im Juli eines Jahres und endet im Juni des folge &hellip; <\/p>\n","protected":false},"author":1,"featured_media":0,"parent":0,"menu_order":0,"comment_status":"closed","ping_status":"closed","template":"","meta":{"spay_email":""},"_links":{"self":[{"href":"https:\/\/www.sweetmemory-potsdam.de\/wp\/index.php?rest_route=\/wp\/v2\/pages\/30"}],"collection":[{"href":"https:\/\/www.sweetmemory-potsdam.de\/wp\/index.php?rest_route=\/wp\/v2\/pages"}],"about":[{"href":"https:\/\/www.sweetmemory-potsdam.de\/wp\/index.php?rest_route=\/wp\/v2\/types\/page"}],"author":[{"embeddable":true,"href":"https:\/\/www.sweetmemory-potsdam.de\/wp\/index.php?rest_route=\/wp\/v2\/users\/1"}],"replies":[{"embeddable":true,"href":"https:\/\/www.sweetmemory-potsdam.de\/wp\/index.php?rest_route=%2Fwp%2Fv2%2Fcomments&post=30"}],"version-history":[{"count":7,"href":"https:\/\/www.sweetmemory-potsdam.de\/wp\/index.php?rest_route=\/wp\/v2\/pages\/30\/revisions"}],"predecessor-version":[{"id":699,"href":"https:\/\/www.sweetmemory-potsdam.de\/wp\/index.php?rest_route=\/wp\/v2\/pages\/30\/revisions\/699"}],"wp:attachment":[{"href":"https:\/\/www.sweetmemory-potsdam.de\/wp\/index.php?rest_route=%2Fwp%2Fv2%2Fmedia&parent=30"}],"curies":[{"name":"wp","href":"https:\/\/api.w.org\/{rel}","templated":true}]}}